{"id":748,"date":"2021-11-08T17:39:35","date_gmt":"2021-11-08T16:39:35","guid":{"rendered":"http:\/\/localhost\/bonini\/?page_id=748"},"modified":"2021-12-06T15:33:23","modified_gmt":"2021-12-06T14:33:23","slug":"unternehmen","status":"publish","type":"page","link":"https:\/\/bonini.com\/de\/unternehmen\/","title":{"rendered":"Unternehmen"},"content":{"rendered":"<div class=\"internal_page mx-auto text-center mt-5\">\r\n        <h1>\u00dcber uns<\/h1>\r\n    <h2>Bonini ist auf dem Markt f\u00fcr die Herstellung und Montage von Kunststoffteilen f\u00fcr den medizinischen Bereich der Inbegriff f\u00fcr italienische Qualit\u00e4t.<\/h2>\r\n<\/div>\n\n\n<p class=\"text_block\">Ein Know-how, das in den letzten sechzig Jahren gewachsen ist und st\u00e4ndig erneuert wurde. In dieser Zeit hat Bonini seinen Produktkatalog sowohl im Bereich der Anschlusskonnektoren als auch im Bereich der montierten Kammern und Einzelkomponenten st\u00e4ndig erweitert.<br><br> Die unternehmensinterne Abteilung f\u00fcr Produktentwicklung kann in Zusammenarbeit mit namhaften internationalen Kunden ma\u00dfgeschneiderte Komponenten entwerfen, produzieren und implementieren, die den spezifischen Kundenanforderungen entsprechen. Die Flexibilit\u00e4t und die schnelle Reaktion der Forschungs- und Entwicklungsabteilung machen Bonini auch in den technisch anspruchsvollsten und fortschrittlichsten Marktsegmenten zu einem Partner der Spitzenklasse. Dar\u00fcber hinaus hat das Unternehmen in den letzten Jahren besondere Erfahrungen im Bereich der Silikonformung gesammelt, was seine Produktionskapazit\u00e4t und seine Gesch\u00e4ftsm\u00f6glichkeiten weiter verbessert.<br><br> Die F\u00e4higkeit des Unternehmens, seine eigenen Formen in einer eigenen Werkstatt herzustellen und aufzubewahren, ist ein weiteres Merkmal, das von der anspruchsvollen Kundschaft gesch\u00e4tzt wird. Dadurch garantiert das Unternehmen wesentlich k\u00fcrzere Reaktionszeiten als der Standard, was der Zuverl\u00e4ssigkeit der Lieferzeiten und der Produktqualit\u00e4t zugute kommt.<\/p>\n\n\n<div class=\"text_over_image_bg\" style=\"background-image: url('https:\/\/bonini.com\/wp-content\/uploads\/2021\/09\/Bonini2021-05366-1536x409-1.jpg')\">\r\n\t<div class=\"mx-auto \">\r\n        <div class=\"row text-center text-md-start \">\r\n\t                                            <div class=\"col-md-5\">\r\n                        <h2>Produktion<\/h2>\r\n                        Alle nachfolgenden Produktionsschritte erfolgen unter der st\u00e4ndigen Kontrolle unserer hochqualifizierten Mitarbeiter und Techniker. Haupts\u00e4chlich gebildet aus Komponenten f\u00fcr Anschlusskonnektoren und zwei Reihen von Tropfkammern, die entweder als lose Komponenten oder komplett montiert erh\u00e4ltlich sind.                                             <\/div>\r\n                \t                <\/div>\r\n    <\/div>\r\n<\/div>\n\n<div class=\"text_over_image_bg\" style=\"background-image: url('https:\/\/bonini.com\/wp-content\/uploads\/2021\/09\/Raggruppa-254.png')\">\r\n\t<div class=\"mx-auto \">\r\n        <div class=\"row text-center text-md-start dark-text\">\r\n\t                                            <div class=\"col-md-7\"><\/div>\r\n                    <div class=\"col-md-5\">\r\n                        <h2>ZERTIFIZIERUNGEN<\/h2>\r\n                        Zur Gew\u00e4hrleistung der Qualit\u00e4tsstandards unserer Produkte.                                                     <br>\r\n                            <a class=\"btn btn-primary mt-4\" href=\"https:\/\/bonini.com\/de\/download-bereich\/\"\">Zertifikat \u00f6ffnen<\/a>\r\n                                            <\/div>\r\n                \t                <\/div>\r\n    <\/div>\r\n<\/div>\n\n\n<div id=\"timeline-bonini\">\n<svg xmlns=\"http:\/\/www.w3.org\/2000\/svg\" width=\"1689\" height=\"925\" viewBox=\"0 0 1689 925\">\n  <g id=\"Raggruppa_254\" data-name=\"Raggruppa 254\" transform=\"translate(-139 -2459)\">\n    <ellipse id=\"Ellisse_33\" data-name=\"Ellisse 33\" cx=\"25\" cy=\"25.5\" rx=\"25\" ry=\"25.5\" transform=\"translate(206 2894)\" fill=\"#4cd2e4\" opacity=\"0.14\"><\/ellipse>\n    <ellipse id=\"Ellisse_34\" data-name=\"Ellisse 34\" cx=\"25\" cy=\"25.5\" rx=\"25\" ry=\"25.5\" transform=\"translate(308 2894)\" fill=\"#4cd2e4\" opacity=\"0.14\"><\/ellipse>\n    <ellipse id=\"Ellisse_35\" data-name=\"Ellisse 35\" cx=\"25\" cy=\"25.5\" rx=\"25\" ry=\"25.5\" transform=\"translate(509 2894)\" fill=\"#4cd2e4\" opacity=\"0.14\"><\/ellipse>\n    <ellipse id=\"Ellisse_36\" data-name=\"Ellisse 36\" cx=\"25\" cy=\"25.5\" rx=\"25\" ry=\"25.5\" transform=\"translate(690 2894)\" fill=\"#4cd2e4\" opacity=\"0.14\"><\/ellipse>\n    <ellipse id=\"Ellisse_37\" data-name=\"Ellisse 37\" cx=\"25\" cy=\"25.5\" rx=\"25\" ry=\"25.5\" transform=\"translate(947 2894)\" fill=\"#4cd2e4\" opacity=\"0.14\"><\/ellipse>\n    <ellipse id=\"Ellisse_38\" data-name=\"Ellisse 38\" cx=\"25\" cy=\"25.5\" rx=\"25\" ry=\"25.5\" transform=\"translate(1161 2894)\" fill=\"#4cd2e4\" opacity=\"0.14\"><\/ellipse>\n    <ellipse id=\"Ellisse_45\" data-name=\"Ellisse 45\" cx=\"25\" cy=\"25.5\" rx=\"25\" ry=\"25.5\" transform=\"translate(1440 2894)\" fill=\"#4cd2e4\" opacity=\"0.14\"><\/ellipse>\n    <text id=\"Luigi_Bonini_er\u00f6ffnet_eine_mechanische_Werkstatt_f\u00fcr_die_Herstellung_von_Gussformen_\" data-name=\"Luigi Bonini er\u00f6ffnet eine mechanische Werkstatt f\u00fcr die Herstellung von Gussformen,\" transform=\"translate(248 2727)\" fill=\"#565f73\" font-size=\"18\" font-family=\"Ubuntu-Light, Ubuntu\" font-weight=\"300\"><tspan x=\"0\" y=\"17\">Luigi Bonini er\u00f6ffnet eine <\/tspan><tspan x=\"0\" y=\"42\">mechanische Werkstatt f\u00fcr die <\/tspan><tspan x=\"0\" y=\"67\">Herstellung von Gussformen,<\/tspan><\/text>\n    <text id=\"Die_neue_Generation_von_Managern_tritt_an._Die_Kinder_Claudia_Giovanni_und_Giuliano_\u00fcbernehmen_das_Unternehmen_ihres_Vaters_und_bringen_weitere_Innovationen_ein_bleiben_aber_der_Philosophie_und_der_Arbeit_des_Gr\u00fcnders_treu.\" data-name=\"Die neue Generation von Managern tritt an. Die Kinder Claudia, Giovanni und Giuliano \u00fcbernehmen das Unternehmen ihres Vaters und bringen weitere Innovationen ein, bleiben aber der Philosophie und der Arbeit des Gr\u00fcnders treu.\" transform=\"translate(1204 3025)\" fill=\"#565f73\" font-size=\"18\" font-family=\"Ubuntu-Light, Ubuntu\" font-weight=\"300\"><tspan x=\"0\" y=\"17\">Die neue Generation von Managern <\/tspan><tspan x=\"0\" y=\"42\">tritt an. Die Kinder Claudia, Giovanni <\/tspan><tspan x=\"0\" y=\"67\">und Giuliano \u00fcbernehmen das <\/tspan><tspan x=\"0\" y=\"92\">Unternehmen ihres Vaters und <\/tspan><tspan x=\"0\" y=\"117\">bringen weitere Innovationen ein, <\/tspan><tspan x=\"0\" y=\"142\">bleiben aber der Philosophie und der <\/tspan><tspan x=\"0\" y=\"167\">Arbeit des Gr\u00fcnders treu.<\/tspan><\/text>\n    <text id=\"die_unternehmerischen_Entscheidungen_sind_auf_die_Entwicklung_von_Spitzentechnologien_f\u00fcr_die_Formung_von_Kunststoffteilen_f\u00fcr_pharmazeutische_Zwecke_ausgerichtet_und_spezialisiert\" data-name=\"die unternehmerischen Entscheidungen sind auf die Entwicklung von Spitzentechnologien f\u00fcr die Formung von Kunststoffteilen f\u00fcr pharmazeutische Zwecke ausgerichtet und spezialisiert\" transform=\"translate(348 3037)\" fill=\"#565f73\" font-size=\"18\" font-family=\"Ubuntu-Light, Ubuntu\" font-weight=\"300\"><tspan x=\"0\" y=\"17\">die unternehmerischen <\/tspan><tspan x=\"0\" y=\"42\">Entscheidungen sind auf die <\/tspan><tspan x=\"0\" y=\"67\">Entwicklung von <\/tspan><tspan x=\"0\" y=\"92\">Spitzentechnologien f\u00fcr die <\/tspan><tspan x=\"0\" y=\"117\">Formung von Kunststoffteilen f\u00fcr <\/tspan><tspan x=\"0\" y=\"142\">pharmazeutische Zwecke <\/tspan><tspan x=\"0\" y=\"167\">ausgerichtet und spezialisiert<\/tspan><\/text>\n    <text id=\"Das_Kerngesch\u00e4ft_wird_durch_die_automatische_Montage_der_Tropfkammern_erweitert_und_erneuert._Angesichts_des_qualitativen_Wachstums_des_Angebots_und_der_st\u00e4ndigen_R\u00fcckmeldungen_des_Marktes_wurde_eine_Erweiterung_des_Produktionsstandorts_erforderlich.\" data-name=\"Das Kerngesch\u00e4ft wird durch die automatische Montage der Tropfkammern erweitert und erneuert. Angesichts des qualitativen Wachstums des Angebots und der st\u00e4ndigen R\u00fcckmeldungen des Marktes wurde eine Erweiterung des Produktionsstandorts erforderlich.\" transform=\"translate(551 2720)\" fill=\"#565f73\" font-size=\"18\" font-family=\"Ubuntu-Light, Ubuntu\" font-weight=\"300\"><tspan x=\"0\" y=\"17\">Das Kerngesch\u00e4ft wird durch die <\/tspan><tspan x=\"0\" y=\"42\">automatische Montage der Tropfkammern <\/tspan><tspan x=\"0\" y=\"67\">erweitert und erneuert. Angesichts des <\/tspan><tspan x=\"0\" y=\"92\">qualitativen Wachstums des Angebots und <\/tspan><tspan x=\"0\" y=\"117\">der st\u00e4ndigen R\u00fcckmeldungen des Marktes <\/tspan><tspan x=\"0\" y=\"142\">wurde eine Erweiterung des <\/tspan><tspan x=\"0\" y=\"167\">Produktionsstandorts erforderlich.<\/tspan><\/text>\n    <text id=\"das_Unternehmen_zieht_an_seinen_heutigen_Standort_in_der_Via_dello_Stallone.\" data-name=\"das Unternehmen zieht an seinen heutigen Standort in der Via dello Stallone.\" transform=\"translate(732 3037)\" fill=\"#565f73\" font-size=\"18\" font-family=\"Ubuntu-Light, Ubuntu\" font-weight=\"300\"><tspan x=\"0\" y=\"17\">das Unternehmen zieht an seinen <\/tspan><tspan x=\"0\" y=\"42\">heutigen Standort in der Via dello <\/tspan><tspan x=\"0\" y=\"67\">Stallone.<\/tspan><\/text>\n    <text id=\"In_diesem_Jahr_wurde_mit_den_Erweiterungen_begonnen_die_zu_der_heutigen_Produktionsfl\u00e4che_von_insgesamt_2500_Quadratmetern_f\u00fchren_die_sich_auf_die_Abteilungen_Formgebung_Montage_und_Lager_verteilen.\" data-name=\"In diesem Jahr wurde mit den Erweiterungen begonnen, die zu der heutigen Produktionsfl\u00e4che von insgesamt 2500 Quadratmetern f\u00fchren, die sich auf die Abteilungen Formgebung, Montage und Lager verteilen.\" transform=\"translate(989 2720)\" fill=\"#565f73\" font-size=\"18\" font-family=\"Ubuntu-Light, Ubuntu\" font-weight=\"300\"><tspan x=\"0\" y=\"17\">In diesem Jahr wurde mit den <\/tspan><tspan x=\"0\" y=\"42\">Erweiterungen begonnen, die zu der <\/tspan><tspan x=\"0\" y=\"67\">heutigen Produktionsfl\u00e4che von insgesamt <\/tspan><tspan x=\"0\" y=\"92\">2500 Quadratmetern f\u00fchren, die sich auf <\/tspan><tspan x=\"0\" y=\"117\">die Abteilungen Formgebung, Montage <\/tspan><tspan x=\"0\" y=\"142\">und Lager verteilen.<\/tspan><\/text>\n    <text id=\"Heute_ist_Bonini_Srl_f\u00fchrend_in_der_Entwicklung_Herstellung_und_weltweiten_Vermarktung_einer_breiten_Palette_von_Produkten_f\u00fcr_den_medizinischen_Sektor_darunter_auch_Artikel_aus_dem_Bereich_der_Anschlusskonnektoren_wie_Twist-Off_Vial_und_Injektionsstel\" data-name=\"Heute ist Bonini Srl f\u00fchrend in der Entwicklung, Herstellung und weltweiten Vermarktung einer breiten Palette von Produkten f\u00fcr den medizinischen Sektor, darunter auch Artikel aus dem Bereich der Anschlusskonnektoren, wie Twist-Off, Vial und Injektionsstel\" transform=\"translate(1482 2720)\" fill=\"#565f73\" font-size=\"18\" font-family=\"Ubuntu-Light, Ubuntu\" font-weight=\"300\"><tspan x=\"0\" y=\"17\">Heute ist Bonini Srl f\u00fchrend in der <\/tspan><tspan x=\"0\" y=\"42\">Entwicklung, Herstellung und weltweiten <\/tspan><tspan x=\"0\" y=\"67\">Vermarktung einer breiten Palette von <\/tspan><tspan x=\"0\" y=\"92\">Produkten f\u00fcr den medizinischen Sektor, <\/tspan><tspan x=\"0\" y=\"117\">darunter auch Artikel aus dem Bereich der <\/tspan><tspan x=\"0\" y=\"142\">Anschlusskonnektoren, wie Twist-Off, Vial <\/tspan><tspan x=\"0\" y=\"167\">und Injektionsstellen.<\/tspan><\/text>\n    <text id=\"_1959\" data-name=\"1959\" transform=\"translate(243 2655)\" fill=\"#565f73\" font-size=\"50\" font-family=\"Ubuntu-Bold, Ubuntu\" font-weight=\"700\"><tspan x=\"0\" y=\"47\">1959<\/tspan><\/text>\n    <text id=\"_2000\" data-name=\"2000\" transform=\"translate(1204 2953)\" fill=\"#565f73\" font-size=\"50\" font-family=\"Ubuntu-Bold, Ubuntu\" font-weight=\"700\"><tspan x=\"0\" y=\"47\">2000<\/tspan><\/text>\n    <text id=\"_1962\" data-name=\"1962\" transform=\"translate(348 2965)\" fill=\"#565f73\" font-size=\"50\" font-family=\"Ubuntu-Bold, Ubuntu\" font-weight=\"700\"><tspan x=\"0\" y=\"47\">1962<\/tspan><\/text>\n    <text id=\"_1964\" data-name=\"1964\" transform=\"translate(545 2648)\" fill=\"#565f73\" font-size=\"50\" font-family=\"Ubuntu-Bold, Ubuntu\" font-weight=\"700\"><tspan x=\"0\" y=\"47\">1964<\/tspan><\/text>\n    <text id=\"_1975\" data-name=\"1975\" transform=\"translate(730 2965)\" fill=\"#565f73\" font-size=\"50\" font-family=\"Ubuntu-Bold, Ubuntu\" font-weight=\"700\"><tspan x=\"0\" y=\"47\">1975<\/tspan><\/text>\n    <text id=\"_1994\" data-name=\"1994\" transform=\"translate(988 2648)\" fill=\"#565f73\" font-size=\"50\" font-family=\"Ubuntu-Bold, Ubuntu\" font-weight=\"700\"><tspan x=\"0\" y=\"47\">1994<\/tspan><\/text>\n    <text id=\"Oggi\" transform=\"translate(1481 2648)\" fill=\"#565f73\" font-size=\"50\" font-family=\"Ubuntu-Bold, Ubuntu\" font-weight=\"700\"><tspan x=\"0\" y=\"47\">Oggi<\/tspan><\/text>\n    <path id=\"Tracciato_4605\" data-name=\"Tracciato 4605\" d=\"M2453,1794.6H3942.779\" transform=\"translate(-2221.935 1125)\" fill=\"none\" stroke=\"#707070\" stroke-width=\"1\"><\/path>\n    <path id=\"Tracciato_4606\" data-name=\"Tracciato 4606\" d=\"M2754.065,1536v296.08\" transform=\"translate(-2523 1090)\" fill=\"none\" stroke=\"#707070\" stroke-width=\"1\" stroke-dasharray=\"1 3\"><\/path>\n    <path id=\"Tracciato_4608\" data-name=\"Tracciato 4608\" d=\"M2754.065,1536v296.08\" transform=\"translate(-2220 1090)\" fill=\"none\" stroke=\"#707070\" stroke-width=\"1\" stroke-dasharray=\"1 3\"><\/path>\n    <path id=\"Tracciato_4611\" data-name=\"Tracciato 4611\" d=\"M2754.065,1536v296.08\" transform=\"translate(-1782 1090)\" fill=\"none\" stroke=\"#707070\" stroke-width=\"1\" stroke-dasharray=\"1 3\"><\/path>\n    <path id=\"Tracciato_4612\" data-name=\"Tracciato 4612\" d=\"M2754.065,1536v296.08\" transform=\"translate(-1289 1090)\" fill=\"none\" stroke=\"#707070\" stroke-width=\"1\" stroke-dasharray=\"1 3\"><\/path>\n    <path id=\"Tracciato_4607\" data-name=\"Tracciato 4607\" d=\"M0,0V294.92\" transform=\"translate(332.935 3217) rotate(180)\" fill=\"none\" stroke=\"#707070\" stroke-width=\"1\" stroke-dasharray=\"1 2\"><\/path>\n    <path id=\"Tracciato_4609\" data-name=\"Tracciato 4609\" d=\"M0,0V294.92\" transform=\"translate(714.935 3217) rotate(180)\" fill=\"none\" stroke=\"#707070\" stroke-width=\"1\" stroke-dasharray=\"1 2\"><\/path>\n    <path id=\"Tracciato_4610\" data-name=\"Tracciato 4610\" d=\"M0,0V294.92\" transform=\"translate(1185.935 3217) rotate(180)\" fill=\"none\" stroke=\"#707070\" stroke-width=\"1\" stroke-dasharray=\"1 2\"><\/path>\n    <circle id=\"Ellisse_15\" data-name=\"Ellisse 15\" cx=\"18\" cy=\"18\" r=\"18\" transform=\"translate(213 2902)\" fill=\"#4cd2e4\"><\/circle>\n    <circle id=\"Ellisse_21\" data-name=\"Ellisse 21\" cx=\"75\" cy=\"75\" r=\"75\" transform=\"translate(156 2476)\" fill=\"#4cd2e4\"><\/circle>\n    <circle id=\"Ellisse_24\" data-name=\"Ellisse 24\" cx=\"75\" cy=\"75\" r=\"75\" transform=\"translate(258 3217)\" fill=\"#4cd2e4\"><\/circle>\n    <circle id=\"Ellisse_25\" data-name=\"Ellisse 25\" cx=\"75\" cy=\"75\" r=\"75\" transform=\"translate(640 3217)\" fill=\"#4cd2e4\"><\/circle>\n    <circle id=\"Ellisse_26\" data-name=\"Ellisse 26\" cx=\"75\" cy=\"75\" r=\"75\" transform=\"translate(1112 3217)\" fill=\"#4cd2e4\"><\/circle>\n    <circle id=\"Ellisse_22\" data-name=\"Ellisse 22\" cx=\"75\" cy=\"75\" r=\"75\" transform=\"translate(459 2476)\" fill=\"#4cd2e4\"><\/circle>\n    <circle id=\"Ellisse_23\" data-name=\"Ellisse 23\" cx=\"75\" cy=\"75\" r=\"75\" transform=\"translate(897 2476)\" fill=\"#4cd2e4\"><\/circle>\n    <circle id=\"Ellisse_42\" data-name=\"Ellisse 42\" cx=\"75\" cy=\"75\" r=\"75\" transform=\"translate(1390 2476)\" fill=\"#4cd2e4\"><\/circle>\n    <circle id=\"Ellisse_17\" data-name=\"Ellisse 17\" cx=\"18\" cy=\"18\" r=\"18\" transform=\"translate(516 2902)\" fill=\"#4cd2e4\"><\/circle>\n    <circle id=\"Ellisse_20\" data-name=\"Ellisse 20\" cx=\"18\" cy=\"18\" r=\"18\" transform=\"translate(954 2902)\" fill=\"#4cd2e4\"><\/circle>\n    <circle id=\"Ellisse_16\" data-name=\"Ellisse 16\" cx=\"18\" cy=\"18\" r=\"18\" transform=\"translate(351 2938) rotate(180)\" fill=\"#4cd2e4\"><\/circle>\n    <circle id=\"Ellisse_18\" data-name=\"Ellisse 18\" cx=\"18\" cy=\"18\" r=\"18\" transform=\"translate(733 2938) rotate(180)\" fill=\"#4cd2e4\"><\/circle>\n    <circle id=\"Ellisse_19\" data-name=\"Ellisse 19\" cx=\"18\" cy=\"18\" r=\"18\" transform=\"translate(1204 2938) rotate(180)\" fill=\"#4cd2e4\"><\/circle>\n    <circle id=\"Ellisse_44\" data-name=\"Ellisse 44\" cx=\"18\" cy=\"18\" r=\"18\" transform=\"translate(1483 2938) rotate(180)\" fill=\"#4cd2e4\"><\/circle>\n    <g id=\"Raggruppa_241\" data-name=\"Raggruppa 241\" transform=\"translate(-77 942)\">\n      <circle id=\"Ellisse_39\" data-name=\"Ellisse 39\" cx=\"5.5\" cy=\"5.5\" r=\"5.5\" transform=\"translate(1818 1983) rotate(180)\" fill=\"#4cd2e4\"><\/circle>\n      <circle id=\"Ellisse_40\" data-name=\"Ellisse 40\" cx=\"5.5\" cy=\"5.5\" r=\"5.5\" transform=\"translate(1835 1983) rotate(180)\" fill=\"#4cd2e4\"><\/circle>\n      <circle id=\"Ellisse_41\" data-name=\"Ellisse 41\" cx=\"5.5\" cy=\"5.5\" r=\"5.5\" transform=\"translate(1852 1983) rotate(180)\" fill=\"#4cd2e4\"><\/circle>\n    <\/g>\n    <circle id=\"Ellisse_27\" data-name=\"Ellisse 27\" cx=\"92\" cy=\"92\" r=\"92\" transform=\"translate(139 2459)\" fill=\"#4cd2e4\" opacity=\"0.137\"><\/circle>\n    <circle id=\"Ellisse_30\" data-name=\"Ellisse 30\" cx=\"92\" cy=\"92\" r=\"92\" transform=\"translate(241 3200)\" fill=\"#4cd2e4\" opacity=\"0.137\"><\/circle>\n    <circle id=\"Ellisse_31\" data-name=\"Ellisse 31\" cx=\"92\" cy=\"92\" r=\"92\" transform=\"translate(623 3200)\" fill=\"#4cd2e4\" opacity=\"0.137\"><\/circle>\n    <circle id=\"Ellisse_32\" data-name=\"Ellisse 32\" cx=\"92\" cy=\"92\" r=\"92\" transform=\"translate(1094 3200)\" fill=\"#4cd2e4\" opacity=\"0.137\"><\/circle>\n    <circle id=\"Ellisse_28\" data-name=\"Ellisse 28\" cx=\"92\" cy=\"92\" r=\"92\" transform=\"translate(880 2459)\" fill=\"#4cd2e4\" opacity=\"0.137\"><\/circle>\n    <circle id=\"Ellisse_43\" data-name=\"Ellisse 43\" cx=\"92\" cy=\"92\" r=\"92\" transform=\"translate(1373 2459)\" fill=\"#4cd2e4\" opacity=\"0.137\"><\/circle>\n    <circle id=\"Ellisse_29\" data-name=\"Ellisse 29\" cx=\"92\" cy=\"92\" r=\"92\" transform=\"translate(442 2459)\" fill=\"#4cd2e4\" opacity=\"0.137\"><\/circle>\n  <\/g>\n<\/svg>\n<\/div>\n","protected":false},"excerpt":{"rendered":"<p>Ein Know-how, das in den letzten sechzig Jahren gewachsen ist und st\u00e4ndig erneuert wurde. In dieser Zeit hat Bonini seinen Produktkatalog sowohl im Bereich der Anschlusskonnektoren als auch im Bereich der montierten Kammern und Einzelkomponenten st\u00e4ndig erweitert. Die unternehmensinterne Abteilung f\u00fcr Produktentwicklung kann in Zusammenarbeit mit namhaften internationalen Kunden ma\u00dfgeschneiderte Komponenten entwerfen, produzieren und implementieren, [&hellip;]<\/p>\n","protected":false},"author":3,"featured_media":1032,"parent":0,"menu_order":0,"comment_status":"closed","ping_status":"closed","template":"template-cover-image.php","meta":{"_acf_changed":false,"footnotes":""},"class_list":["post-748","page","type-page","status-publish","has-post-thumbnail","hentry"],"acf":[],"_links":{"self":[{"href":"https:\/\/bonini.com\/de\/wp-json\/wp\/v2\/pages\/748","targetHints":{"allow":["GET"]}}],"collection":[{"href":"https:\/\/bonini.com\/de\/wp-json\/wp\/v2\/pages"}],"about":[{"href":"https:\/\/bonini.com\/de\/wp-json\/wp\/v2\/types\/page"}],"author":[{"embeddable":true,"href":"https:\/\/bonini.com\/de\/wp-json\/wp\/v2\/users\/3"}],"replies":[{"embeddable":true,"href":"https:\/\/bonini.com\/de\/wp-json\/wp\/v2\/comments?post=748"}],"version-history":[{"count":3,"href":"https:\/\/bonini.com\/de\/wp-json\/wp\/v2\/pages\/748\/revisions"}],"predecessor-version":[{"id":1051,"href":"https:\/\/bonini.com\/de\/wp-json\/wp\/v2\/pages\/748\/revisions\/1051"}],"wp:featuredmedia":[{"embeddable":true,"href":"https:\/\/bonini.com\/de\/wp-json\/wp\/v2\/media\/1032"}],"wp:attachment":[{"href":"https:\/\/bonini.com\/de\/wp-json\/wp\/v2\/media?parent=748"}],"curies":[{"name":"wp","href":"https:\/\/api.w.org\/{rel}","templated":true}]}}