{"id":760,"date":"2021-11-09T10:26:02","date_gmt":"2021-11-09T09:26:02","guid":{"rendered":"http:\/\/localhost\/bonini\/?page_id=760"},"modified":"2021-12-06T15:00:52","modified_gmt":"2021-12-06T14:00:52","slug":"kundenspezifisches-design","status":"publish","type":"page","link":"https:\/\/bonini.com\/de\/kundenspezifisches-design\/","title":{"rendered":"Kundenspezifisches Design"},"content":{"rendered":"<div class=\"internal_page mx-auto text-center mt-5\">\r\n            <img decoding=\"async\" src=\"https:\/\/bonini.com\/wp-content\/uploads\/2021\/09\/Raggruppa-250-1.png\" class=\"mb-3\" alt=\"\" title=\"\">\r\n        <h1>Kundenspezifisches Design<\/h1>\r\n    <h2>Unser Unternehmen hat sich auf die Herstellung von Kunststoffteilen f\u00fcr den medizinischen Bereich spezialisiert. Die technische Kompetenz in Verbindung mit der Flexibilit\u00e4t und der M\u00f6glichkeit, alle Produktionsschritte f\u00fcr neue Projekte selbst durchzuf\u00fchren, hat Bonini im Laufe der Jahre f\u00fcr alle Unternehmen, die ihr Know-how und ihre Ideen sch\u00fctzen m\u00fcssen, ohne auf die Entwicklung neuer Produkte zu verzichten, zu einem zuverl\u00e4ssigen Ansprechpartner gemacht.<\/h2>\r\n<\/div>\n\n<div class=\"timeline-title mx-auto text-center subtitle mt-5 mb-4\">\r\n\tDieser Ansatz bietet unseren Kunden verschiedene Vorteile: <\/div>\r\n<div id=\"timeline_container\">\r\n    <div id=\"timeline_progettazione\" class=\"mx-auto text-center\">\r\n        <div class=\"timeline-box\">\r\n            <div class=\"d-none d-md-flex place_number left color_1\">01<\/div>\r\n            <div class=\"place_text left\">\r\n                <div>\r\n                    <span class=\"d-block d-md-none timeline-number color_1\">01<\/span>\r\n                    <img decoding=\"async\" class=\"d-none d-md-block mb-3\" src=\"https:\/\/bonini.com\/wp-content\/themes\/bonini\/assets\/images\/progettazione_icon.png\" alt=\"\" title=\"\">\r\n                    <br>Zusammenarbeit mit einem einzigen Anbieter, der Ihre Projekte absolut vertraulich behandelt                 <\/div>\r\n            <\/div>\r\n        <\/div>\r\n        <div class=\"timeline_line one\"><\/div>\r\n        <div class=\"timeline-box\">\r\n            <div class=\"place_text right\">\r\n                <div>\r\n                    <span class=\"d-block d-md-none timeline-number color_2\">02<\/span>\r\n                    <img decoding=\"async\" class=\"d-none d-md-block mb-3\" src=\"https:\/\/bonini.com\/wp-content\/themes\/bonini\/assets\/images\/progettazione_icon.png\" alt=\"\" title=\"\">\r\n                    <br>H\u00f6chste Professionalit\u00e4t und langj\u00e4hrige Erfahrung in der Entwicklung von Formen, der Kunststoffproduktion und der Reinraummontage                 <\/div>\r\n            <\/div>\r\n            <div class=\"d-none d-md-flex place_number right color_2\">02<\/div>\r\n        <\/div>\r\n        <div class=\"timeline_line two\"><\/div>\r\n        <div class=\"timeline-box\">\r\n            <div class=\"d-none d-md-flex place_number left color_3\">03<\/div>\r\n            <div class=\"place_text left\">\r\n                <div>\r\n                    <span class=\"d-block d-md-none timeline-number color_3\">03<\/span>\r\n                    <img decoding=\"async\" class=\"d-none d-md-block mb-3\" src=\"https:\/\/bonini.com\/wp-content\/themes\/bonini\/assets\/images\/progettazione_icon.png\" alt=\"\" title=\"\">\r\n                    <br>K\u00fcrzere Zeiten f\u00fcr die Produktentwicklung dank einer F&amp;E-Abteilung, die speziell f\u00fcr diese Art von Projekten zust\u00e4ndig ist.                 <\/div>\r\n            <\/div>\r\n        <\/div>\r\n    <\/div>\r\n<\/div>\n\n<div class=\"image_overlay\" style=\"background-image: url('https:\/\/bonini.com\/wp-content\/uploads\/2021\/09\/Bonini2021-05390.png')\">\r\n    <div class=\"overlay_filter\"><\/div>\r\n<\/div>","protected":false},"excerpt":{"rendered":"","protected":false},"author":3,"featured_media":1004,"parent":0,"menu_order":0,"comment_status":"closed","ping_status":"closed","template":"template-cover-image.php","meta":{"_acf_changed":false,"footnotes":""},"class_list":["post-760","page","type-page","status-publish","has-post-thumbnail","hentry"],"acf":[],"_links":{"self":[{"href":"https:\/\/bonini.com\/de\/wp-json\/wp\/v2\/pages\/760","targetHints":{"allow":["GET"]}}],"collection":[{"href":"https:\/\/bonini.com\/de\/wp-json\/wp\/v2\/pages"}],"about":[{"href":"https:\/\/bonini.com\/de\/wp-json\/wp\/v2\/types\/page"}],"author":[{"embeddable":true,"href":"https:\/\/bonini.com\/de\/wp-json\/wp\/v2\/users\/3"}],"replies":[{"embeddable":true,"href":"https:\/\/bonini.com\/de\/wp-json\/wp\/v2\/comments?post=760"}],"version-history":[{"count":1,"href":"https:\/\/bonini.com\/de\/wp-json\/wp\/v2\/pages\/760\/revisions"}],"predecessor-version":[{"id":1023,"href":"https:\/\/bonini.com\/de\/wp-json\/wp\/v2\/pages\/760\/revisions\/1023"}],"wp:featuredmedia":[{"embeddable":true,"href":"https:\/\/bonini.com\/de\/wp-json\/wp\/v2\/media\/1004"}],"wp:attachment":[{"href":"https:\/\/bonini.com\/de\/wp-json\/wp\/v2\/media?parent=760"}],"curies":[{"name":"wp","href":"https:\/\/api.w.org\/{rel}","templated":true}]}}