{"id":773,"date":"2021-09-24T13:23:14","date_gmt":"2021-09-24T11:23:14","guid":{"rendered":"http:\/\/localhost\/bonini\/?page_id=773"},"modified":"2024-03-13T13:21:13","modified_gmt":"2024-03-13T12:21:13","slug":"kontakte","status":"publish","type":"page","link":"https:\/\/bonini.com\/de\/kontakte\/","title":{"rendered":"Kontakte"},"content":{"rendered":"<div class=\"internal_page mx-auto text-center mt-5\">\r\n            <img decoding=\"async\" src=\"https:\/\/bonini.com\/wp-content\/uploads\/2021\/09\/Raggruppa-220.png\" class=\"mb-3\" alt=\"\" title=\"\">\r\n        <h1>Kontakte<\/h1>\r\n    <h2>F\u00fcr Informationen oder Kommentare an Bonini Srl k\u00f6nnen Sie an eine der folgenden E-Mail-Adressen schreiben oder das praktische Online-Formular ausf\u00fcllen<\/h2>\r\n<\/div>\n\n<div id=\"staff\" class=\"mx-auto mt-5\">\r\n\t        <div class=\"row mb-3 mb-md-0\">\r\n            <div class=\"col-md-7 role_col\">ALLEINIGER GESCH\u00c4FTSF\u00dcHRER <\/div>\r\n            <div class=\"col-md-5 name_col\">Giovanni Bonini<\/div>\r\n        <\/div>\r\n\t        <div class=\"row mb-3 mb-md-0\">\r\n            <div class=\"col-md-7 role_col\">GENERALDIREKTOR <\/div>\r\n            <div class=\"col-md-5 name_col\">Giovanni Bonini<\/div>\r\n        <\/div>\r\n\t        <div class=\"row mb-3 mb-md-0\">\r\n            <div class=\"col-md-7 role_col\">Leiter der QUALIT\u00c4TSKONTROLLE <\/div>\r\n            <div class=\"col-md-5 name_col\">Marco Pedruscini<\/div>\r\n        <\/div>\r\n\t        <div class=\"row mb-3 mb-md-0\">\r\n            <div class=\"col-md-7 role_col\">KAUFM\u00c4NNISCHER Leiter <\/div>\r\n            <div class=\"col-md-5 name_col\">Paolo Giumelli<\/div>\r\n        <\/div>\r\n\t        <div class=\"row mb-3 mb-md-0\">\r\n            <div class=\"col-md-7 role_col\">PRODUKTIONSLEITER<\/div>\r\n            <div class=\"col-md-5 name_col\">Claudio Bonini<\/div>\r\n        <\/div>\r\n\t        <div class=\"row mb-3 mb-md-0\">\r\n            <div class=\"col-md-7 role_col\">VERWALTUNGSLEITER<\/div>\r\n            <div class=\"col-md-5 name_col\">Tiziana Croce<\/div>\r\n        <\/div>\r\n\t        <div class=\"row mb-3 mb-md-0\">\r\n            <div class=\"col-md-7 role_col\">TECHNISCHER Leiter<\/div>\r\n            <div class=\"col-md-5 name_col\">Luca Bonini<\/div>\r\n        <\/div>\r\n\t        <div class=\"row mb-3 mb-md-0\">\r\n            <div class=\"col-md-7 role_col\">EINKAUFSLEITER<\/div>\r\n            <div class=\"col-md-5 name_col\">Giovanni Bonini<\/div>\r\n        <\/div>\r\n\t<\/div>\r\n<div id=\"hr_container\" class=\"mx-auto\">\r\n    <hr>\r\n<\/div>\n\n\n<p class=\"container\"><strong>Empf\u00e4nger<\/strong><br>W\u00e4hlen Sie die E-Mail aus, an die die Nachricht gesendet werden soll<\/p>\n\n\n\n\n<div class=\"wpcf7 no-js\" id=\"wpcf7-f919-o1\" lang=\"de-DE\" dir=\"ltr\" data-wpcf7-id=\"919\">\n<div class=\"screen-reader-response\"><p role=\"status\" aria-live=\"polite\" aria-atomic=\"true\"><\/p> <ul><\/ul><\/div>\n<form action=\"\/de\/wp-json\/wp\/v2\/pages\/773#wpcf7-f919-o1\" method=\"post\" class=\"wpcf7-form init wpcf7-acceptance-as-validation\" aria-label=\"Kontaktformular\" novalidate=\"novalidate\" data-status=\"init\">\n<fieldset class=\"hidden-fields-container\"><input type=\"hidden\" name=\"_wpcf7\" value=\"919\" \/><input type=\"hidden\" name=\"_wpcf7_version\" value=\"6.1.5\" \/><input type=\"hidden\" name=\"_wpcf7_locale\" value=\"de_DE\" \/><input type=\"hidden\" name=\"_wpcf7_unit_tag\" value=\"wpcf7-f919-o1\" \/><input type=\"hidden\" name=\"_wpcf7_container_post\" value=\"0\" \/><input type=\"hidden\" name=\"_wpcf7_posted_data_hash\" value=\"\" \/>\n<\/fieldset>\n<div class=\"container\">\n\t<div class=\"row\">\n\t\t<div class=\"col-12 col-md-3 pb-3\">\n\t\t\t<p><select class=\"wpcf7-form-control wpcf7-select w-100 p-2\" aria-invalid=\"false\" name=\"mail-ricevente\"><option value=\"Giovanni Bonini - bonini@bonini.com\">Giovanni Bonini - bonini@bonini.com<\/option><option value=\"Marco Pedruscini - info@bonini.com\">Marco Pedruscini - info@bonini.com<\/option><option value=\"Paolo Giumelli - info@bonini.com\">Paolo Giumelli - info@bonini.com<\/option><option value=\"Claudio Bonini - bonini@bonini.com\">Claudio Bonini - bonini@bonini.com<\/option><option value=\"Tiziana Croce - info@bonini.com\">Tiziana Croce - info@bonini.com<\/option><option value=\"Luca Bonini - technical@bonini.com\">Luca Bonini - technical@bonini.com<\/option><\/select>\n\t\t\t<\/p>\n\t\t<\/div>\n\t<\/div>\n\t<div class=\"row\">\n\t\t<div class=\"col-12 col-md-6 pb-3\">\n\t\t\t<p><input size=\"40\" maxlength=\"400\" class=\"wpcf7-form-control wpcf7-text wpcf7-validates-as-required w-100 p-2\" aria-required=\"true\" aria-invalid=\"false\" placeholder=\"Name\" value=\"\" type=\"text\" name=\"Nome\" \/>\n\t\t\t<\/p>\n\t\t<\/div>\n\t\t<div class=\"col-12 col-md-6 pb-3\">\n\t\t\t<p><input size=\"40\" maxlength=\"400\" class=\"wpcf7-form-control wpcf7-text wpcf7-validates-as-required w-100 p-2\" aria-required=\"true\" aria-invalid=\"false\" placeholder=\"Nachanme\" value=\"\" type=\"text\" name=\"Cognome\" \/>\n\t\t\t<\/p>\n\t\t<\/div>\n\t\t<div class=\"col-12 col-md-6 pb-3\">\n\t\t\t<p><input size=\"40\" maxlength=\"400\" class=\"wpcf7-form-control wpcf7-email wpcf7-validates-as-required wpcf7-text wpcf7-validates-as-email w-100 p-2\" aria-required=\"true\" aria-invalid=\"false\" placeholder=\"Email\" value=\"\" type=\"email\" name=\"Email\" \/>\n\t\t\t<\/p>\n\t\t<\/div>\n\t\t<div class=\"col-12 col-md-6 pb-3\">\n\t\t\t<p><input size=\"40\" maxlength=\"400\" class=\"wpcf7-form-control wpcf7-text wpcf7-validates-as-required w-100 p-2\" aria-required=\"true\" aria-invalid=\"false\" placeholder=\"Betreff\" value=\"\" type=\"text\" name=\"Oggetto\" \/>\n\t\t\t<\/p>\n\t\t<\/div>\n\t\t<div class=\"col-12\">\n\t\t\t<p><textarea cols=\"40\" rows=\"10\" maxlength=\"2000\" class=\"wpcf7-form-control wpcf7-textarea wpcf7-validates-as-required w-100 p-2\" aria-required=\"true\" aria-invalid=\"false\" placeholder=\"Nachricht\" name=\"Messaggio\"><\/textarea>\n\t\t\t<\/p>\n\t\t<\/div>\n\t\t<div class=\"col-12\">\n\t\t\t<p><label><span class=\"wpcf7-quiz-label\">Gr\u00f6\u00dfte Zahl zwischen 2 und 5<\/span> <input size=\"40\" class=\"wpcf7-form-control wpcf7-quiz\" autocomplete=\"off\" aria-required=\"true\" aria-invalid=\"false\" type=\"text\" name=\"quiz\" \/><\/label><input type=\"hidden\" name=\"_wpcf7_quiz_answer_quiz\" value=\"aac4f576928ebbb7f39cbaa6b7c1fe16\" \/>\n\t\t\t<\/p>\n\t\t<\/div>\n\t\t<div class=\"col-12\">\n\t\t\t<p><span class=\"wpcf7-form-control wpcf7-acceptance\"><span class=\"wpcf7-list-item\"><input type=\"checkbox\" name=\"acceptance-gdpr\" value=\"1\" aria-invalid=\"false\" \/><\/span><\/span>Ich stimme der Verarbeitung meiner Daten zu und erkl\u00e4re, dass ich die folgenden Informationen gelesen habe <a href=\"\/de\/datenschutzerklarung\/\">Datenschutzerkl\u00e4rung<\/a>.\n\t\t\t<\/p>\n\t\t<\/div>\n\t<\/div>\n\t<div class=\"d-flex justify-content-end\">\n\t\t<p><input class=\"wpcf7-form-control wpcf7-submit has-spinner btn btn-primary order-2\" type=\"submit\" value=\"Senden\" \/>\n\t\t<\/p>\n\t<\/div>\n<\/div>\n<div class=\"container\">\n<div class=\"wpcf7-response-output\" aria-hidden=\"true\"><\/div>\n<\/div>\n<\/form>\n<\/div>\n\n\n\n<div class=\"internal_page mx-auto text-center mt-5\">\r\n        <h1>Standort<\/h1>\r\n    <h2><\/h2>\r\n<\/div>\n\n\n<iframe src=\"https:\/\/www.google.com\/maps\/embed?pb=!1m18!1m12!1m3!1d2764.5533899821935!2d9.46698401576656!3d46.1397254961339!2m3!1f0!2f0!3f0!3m2!1i1024!2i768!4f13.1!3m3!1m2!1s0x47846d3c23705e33%3A0xeec53b7d686f7d97!2sBonini%20S.r.l.!5e0!3m2!1sit!2sit!4v1632757285192!5m2!1sit!2sit\" width=\"100%\" height=\"450\" style=\"border:0;\" allowfullscreen=\"\" loading=\"lazy\"><\/iframe>\n","protected":false},"excerpt":{"rendered":"<p>Empf\u00e4ngerW\u00e4hlen Sie die E-Mail aus, an die die Nachricht gesendet werden soll<\/p>\n","protected":false},"author":3,"featured_media":1004,"parent":0,"menu_order":0,"comment_status":"closed","ping_status":"closed","template":"template-cover-image.php","meta":{"_acf_changed":false,"footnotes":""},"class_list":["post-773","page","type-page","status-publish","has-post-thumbnail","hentry"],"acf":[],"_links":{"self":[{"href":"https:\/\/bonini.com\/de\/wp-json\/wp\/v2\/pages\/773","targetHints":{"allow":["GET"]}}],"collection":[{"href":"https:\/\/bonini.com\/de\/wp-json\/wp\/v2\/pages"}],"about":[{"href":"https:\/\/bonini.com\/de\/wp-json\/wp\/v2\/types\/page"}],"author":[{"embeddable":true,"href":"https:\/\/bonini.com\/de\/wp-json\/wp\/v2\/users\/3"}],"replies":[{"embeddable":true,"href":"https:\/\/bonini.com\/de\/wp-json\/wp\/v2\/comments?post=773"}],"version-history":[{"count":2,"href":"https:\/\/bonini.com\/de\/wp-json\/wp\/v2\/pages\/773\/revisions"}],"predecessor-version":[{"id":2540,"href":"https:\/\/bonini.com\/de\/wp-json\/wp\/v2\/pages\/773\/revisions\/2540"}],"wp:featuredmedia":[{"embeddable":true,"href":"https:\/\/bonini.com\/de\/wp-json\/wp\/v2\/media\/1004"}],"wp:attachment":[{"href":"https:\/\/bonini.com\/de\/wp-json\/wp\/v2\/media?parent=773"}],"curies":[{"name":"wp","href":"https:\/\/api.w.org\/{rel}","templated":true}]}}